{"id":1845,"date":"2025-09-01T13:42:03","date_gmt":"2025-09-01T13:42:03","guid":{"rendered":"https:\/\/otecfinishingservices.com\/cookies-policy\/"},"modified":"2025-09-01T14:18:38","modified_gmt":"2025-09-01T14:18:38","slug":"cookies","status":"publish","type":"page","link":"https:\/\/otecfinishingservices.com\/es\/cookies\/","title":{"rendered":"Cookies"},"content":{"rendered":"<div class=\"wpb-content-wrapper\"><p>[vc_row full_width=\u00bbstretch_row_content_no_spaces\u00bb][vc_column]<div class='header-slider'><div class='header-slide color-5 number-header-0' style='background-image: url(https:\/\/otecfinishingservices.com\/wp-content\/uploads\/2025\/07\/Finishing-Processes-1.png);'><div class='header-container container'><p class='header-slide-title font-title-big'>Cookies<\/p><p class='header-slide-text font-title-4 font-weight-100'><\/p><\/div><\/div><\/div><script>jQuery(document).ready(function($) {\r\n                $('.header-slider').slick({\r\n                    dots: true,\r\n                    infinite: true,\r\n                    arrows: false,\r\n                    slidesToShow: 1,\r\n                    centerMode: true,\r\n                });\r\n            });<\/script>[\/vc_column][\/vc_row][vc_row][vc_column]<div class=\"ult-spacer spacer-69e6519102d9e\" data-id=\"69e6519102d9e\" data-height=\"100\" data-height-mobile=\"100\" data-height-tab=\"100\" data-height-tab-portrait=\"\" data-height-mobile-landscape=\"\" style=\"clear:both;display:block;\"><\/div>[vc_column_text css=\u00bb\u00bb]En <strong>otecfinishingservices.com<\/strong>, utilizamos cookies propias y de terceros para mejorar tu experiencia de navegaci\u00f3n, analizar el tr\u00e1fico y mostrar contenido personalizado. Al continuar navegando, aceptas el uso de cookies de acuerdo con esta pol\u00edtica.[\/vc_column_text]<div class=\"ult-spacer spacer-69e6519102deb\" data-id=\"69e6519102deb\" data-height=\"30\" data-height-mobile=\"30\" data-height-tab=\"30\" data-height-tab-portrait=\"\" data-height-mobile-landscape=\"\" style=\"clear:both;display:block;\"><\/div>[vc_column_text css=\u00bb\u00bb]<\/p>\n<h2>\u00bfQu\u00e9 son las cookies?<\/h2>\n<p data-start=\"346\" data-end=\"569\">Las cookies son peque\u00f1os archivos que se descargan en tu dispositivo al acceder a nuestro sitio web. Permiten que la web recuerde tus preferencias, facilite la navegaci\u00f3n y nos ayude a entender c\u00f3mo interact\u00faas con el contenido.<\/p>\n<p>[\/vc_column_text]<div class=\"ult-spacer spacer-69e6519102e3b\" data-id=\"69e6519102e3b\" data-height=\"30\" data-height-mobile=\"30\" data-height-tab=\"30\" data-height-tab-portrait=\"\" data-height-mobile-landscape=\"\" style=\"clear:both;display:block;\"><\/div>[vc_column_text css=\u00bb\u00bb]<\/p>\n<h2>Tipos de cookies que usamos<\/h2>\n<p>1. Cookies necesarias:<\/p>\n<p>\u00b7 Garantizan el funcionamiento b\u00e1sico del sitio web y sus funciones.<br \/>\n\u00b7 Sin estas cookies, algunas partes de la web podr\u00edan no funcionar correctamente.<\/p>\n<p>&nbsp;<\/p>\n<p>2. Cookies de rendimiento y anal\u00edticas:<\/p>\n<p>\u00b7 Nos permiten conocer c\u00f3mo los usuarios interact\u00faan con otecfinishingservices.com y mejorar la experiencia.<br \/>\n\u00b7 Ejemplo: Google Analytics.<\/p>\n<p>&nbsp;<\/p>\n<p>3. Cookies de funcionalidad:<\/p>\n<p>\u00b7 Recordar preferencias del usuario, como idioma o ubicaci\u00f3n.<\/p>\n<p>&nbsp;<\/p>\n<p>4. Cookies de publicidad y marketing:<\/p>\n<p>\u00b7 Permiten mostrar anuncios personalizados seg\u00fan tus intereses y medir su eficacia.[\/vc_column_text]<div class=\"ult-spacer spacer-69e6519102e7c\" data-id=\"69e6519102e7c\" data-height=\"30\" data-height-mobile=\"30\" data-height-tab=\"30\" data-height-tab-portrait=\"\" data-height-mobile-landscape=\"\" style=\"clear:both;display:block;\"><\/div>[vc_column_text css=\u00bb\u00bb]<\/p>\n<h2>C\u00f3mo gestionar las cookies<\/h2>\n<p data-start=\"346\" data-end=\"569\">Puedes aceptar o rechazar las cookies directamente desde el banner de cookies que aparece al visitar otecfinishingservices.com. Tambi\u00e9n puedes configurar tu navegador para bloquear todas o algunas cookies. Sin embargo, algunas funciones del sitio podr\u00edan no estar disponibles si decides desactivarlas.<\/p>\n<p>[\/vc_column_text]<div class=\"ult-spacer spacer-69e6519102ec4\" data-id=\"69e6519102ec4\" data-height=\"30\" data-height-mobile=\"30\" data-height-tab=\"30\" data-height-tab-portrait=\"\" data-height-mobile-landscape=\"\" style=\"clear:both;display:block;\"><\/div>[vc_column_text css=\u00bb\u00bb]<\/p>\n<h2>Informaci\u00f3n de contacto<\/h2>\n<p>Si tienes alguna pregunta sobre nuestra pol\u00edtica de cookies, puedes contactarnos en:<\/p>\n<p><b>OTEC FINISHING SERVICES<\/b><\/p>\n<p><strong data-start=\"1842\" data-end=\"1852\">Tel:<\/strong>\u00a0<a href=\"tel:+34943067627\">+34 943 067 627<\/a><\/p>\n<p><strong data-start=\"1866\" data-end=\"1874\">Web:<\/strong>\u00a0otecfinishingservices.com[\/vc_column_text]<div class=\"ult-spacer spacer-69e6519102f01\" data-id=\"69e6519102f01\" data-height=\"100\" data-height-mobile=\"100\" data-height-tab=\"100\" data-height-tab-portrait=\"\" data-height-mobile-landscape=\"\" style=\"clear:both;display:block;\"><\/div>[\/vc_column][\/vc_row]<\/p>\n<\/div>","protected":false},"excerpt":{"rendered":"<p>[vc_row full_width=\u00bbstretch_row_content_no_spaces\u00bb][vc_column][\/vc_column][\/vc_row][vc_row][vc_column][vc_column_text css=\u00bb\u00bb]En otecfinishingservices.com, utilizamos cookies propias y de terceros para mejorar tu experiencia de navegaci\u00f3n, analizar el tr\u00e1fico y mostrar contenido personalizado. Al continuar navegando, aceptas el uso de cookies de acuerdo con esta pol\u00edtica.[\/vc_column_text][vc_column_text css=\u00bb\u00bb] \u00bfQu\u00e9 son las cookies? Las cookies son peque\u00f1os archivos que se descargan en tu dispositivo al acceder a [&hellip;]<\/p>\n","protected":false},"author":3,"featured_media":0,"parent":0,"menu_order":0,"comment_status":"closed","ping_status":"closed","template":"","meta":{"_acf_changed":false,"footnotes":""},"class_list":["post-1845","page","type-page","status-publish","hentry"],"acf":[],"yoast_head":"<!-- This site is optimized with the Yoast SEO plugin v27.0 - https:\/\/yoast.com\/product\/yoast-seo-wordpress\/ -->\n<title>Cookies<\/title>\n<meta name=\"robots\" content=\"index, follow, max-snippet:-1, max-image-preview:large, max-video-preview:-1\" \/>\n<link rel=\"canonical\" href=\"https:\/\/otecfinishingservices.com\/es\/cookies\/\" \/>\n<meta property=\"og:locale\" content=\"es_ES\" \/>\n<meta property=\"og:type\" content=\"article\" \/>\n<meta property=\"og:title\" content=\"Cookies\" \/>\n<meta property=\"og:description\" content=\"[vc_row full_width=\u00bbstretch_row_content_no_spaces\u00bb][vc_column][\/vc_column][\/vc_row][vc_row][vc_column][vc_column_text css=\u00bb\u00bb]En otecfinishingservices.com, utilizamos cookies propias y de terceros para mejorar tu experiencia de navegaci\u00f3n, analizar el tr\u00e1fico y mostrar contenido personalizado. Al continuar navegando, aceptas el uso de cookies de acuerdo con esta pol\u00edtica.[\/vc_column_text][vc_column_text css=\u00bb\u00bb] \u00bfQu\u00e9 son las cookies? Las cookies son peque\u00f1os archivos que se descargan en tu dispositivo al acceder a [&hellip;]\" \/>\n<meta property=\"og:url\" content=\"https:\/\/otecfinishingservices.com\/es\/cookies\/\" \/>\n<meta property=\"article:modified_time\" content=\"2025-09-01T14:18:38+00:00\" \/>\n<meta name=\"twitter:card\" content=\"summary_large_image\" \/>\n<meta name=\"twitter:label1\" content=\"Tiempo de lectura\" \/>\n\t<meta name=\"twitter:data1\" content=\"2 minutos\" \/>\n<script type=\"application\/ld+json\" class=\"yoast-schema-graph\">{\"@context\":\"https:\/\/schema.org\",\"@graph\":[{\"@type\":\"WebPage\",\"@id\":\"https:\/\/otecfinishingservices.com\/es\/cookies\/\",\"url\":\"https:\/\/otecfinishingservices.com\/es\/cookies\/\",\"name\":\"Cookies\",\"isPartOf\":{\"@id\":\"https:\/\/otecfinishingservices.com\/#website\"},\"datePublished\":\"2025-09-01T13:42:03+00:00\",\"dateModified\":\"2025-09-01T14:18:38+00:00\",\"breadcrumb\":{\"@id\":\"https:\/\/otecfinishingservices.com\/es\/cookies\/#breadcrumb\"},\"inLanguage\":\"es\",\"potentialAction\":[{\"@type\":\"ReadAction\",\"target\":[\"https:\/\/otecfinishingservices.com\/es\/cookies\/\"]}]},{\"@type\":\"BreadcrumbList\",\"@id\":\"https:\/\/otecfinishingservices.com\/es\/cookies\/#breadcrumb\",\"itemListElement\":[{\"@type\":\"ListItem\",\"position\":1,\"name\":\"Home\",\"item\":\"https:\/\/otecfinishingservices.com\/es\/\"},{\"@type\":\"ListItem\",\"position\":2,\"name\":\"Cookies\"}]},{\"@type\":\"WebSite\",\"@id\":\"https:\/\/otecfinishingservices.com\/#website\",\"url\":\"https:\/\/otecfinishingservices.com\/\",\"name\":\"OTEC\",\"description\":\"\",\"publisher\":{\"@id\":\"https:\/\/otecfinishingservices.com\/#organization\"},\"potentialAction\":[{\"@type\":\"SearchAction\",\"target\":{\"@type\":\"EntryPoint\",\"urlTemplate\":\"https:\/\/otecfinishingservices.com\/?s={search_term_string}\"},\"query-input\":{\"@type\":\"PropertyValueSpecification\",\"valueRequired\":true,\"valueName\":\"search_term_string\"}}],\"inLanguage\":\"es\"},{\"@type\":\"Organization\",\"@id\":\"https:\/\/otecfinishingservices.com\/#organization\",\"name\":\"OTEC\",\"url\":\"https:\/\/otecfinishingservices.com\/\",\"logo\":{\"@type\":\"ImageObject\",\"inLanguage\":\"es\",\"@id\":\"https:\/\/otecfinishingservices.com\/#\/schema\/logo\/image\/\",\"url\":\"https:\/\/otecfinishingservices.com\/wp-content\/uploads\/2025\/06\/logo.png\",\"contentUrl\":\"https:\/\/otecfinishingservices.com\/wp-content\/uploads\/2025\/06\/logo.png\",\"width\":694,\"height\":131,\"caption\":\"OTEC\"},\"image\":{\"@id\":\"https:\/\/otecfinishingservices.com\/#\/schema\/logo\/image\/\"},\"sameAs\":[\"https:\/\/www.linkedin.com\/company\/otec-finishing-services\",\"https:\/\/www.youtube.com\/user\/OtecGmbH\"]}]}<\/script>\n<!-- \/ Yoast SEO plugin. -->","yoast_head_json":{"title":"Cookies","robots":{"index":"index","follow":"follow","max-snippet":"max-snippet:-1","max-image-preview":"max-image-preview:large","max-video-preview":"max-video-preview:-1"},"canonical":"https:\/\/otecfinishingservices.com\/es\/cookies\/","og_locale":"es_ES","og_type":"article","og_title":"Cookies","og_description":"[vc_row full_width=\u00bbstretch_row_content_no_spaces\u00bb][vc_column][\/vc_column][\/vc_row][vc_row][vc_column][vc_column_text css=\u00bb\u00bb]En otecfinishingservices.com, utilizamos cookies propias y de terceros para mejorar tu experiencia de navegaci\u00f3n, analizar el tr\u00e1fico y mostrar contenido personalizado. Al continuar navegando, aceptas el uso de cookies de acuerdo con esta pol\u00edtica.[\/vc_column_text][vc_column_text css=\u00bb\u00bb] \u00bfQu\u00e9 son las cookies? Las cookies son peque\u00f1os archivos que se descargan en tu dispositivo al acceder a [&hellip;]","og_url":"https:\/\/otecfinishingservices.com\/es\/cookies\/","article_modified_time":"2025-09-01T14:18:38+00:00","twitter_card":"summary_large_image","twitter_misc":{"Tiempo de lectura":"2 minutos"},"schema":{"@context":"https:\/\/schema.org","@graph":[{"@type":"WebPage","@id":"https:\/\/otecfinishingservices.com\/es\/cookies\/","url":"https:\/\/otecfinishingservices.com\/es\/cookies\/","name":"Cookies","isPartOf":{"@id":"https:\/\/otecfinishingservices.com\/#website"},"datePublished":"2025-09-01T13:42:03+00:00","dateModified":"2025-09-01T14:18:38+00:00","breadcrumb":{"@id":"https:\/\/otecfinishingservices.com\/es\/cookies\/#breadcrumb"},"inLanguage":"es","potentialAction":[{"@type":"ReadAction","target":["https:\/\/otecfinishingservices.com\/es\/cookies\/"]}]},{"@type":"BreadcrumbList","@id":"https:\/\/otecfinishingservices.com\/es\/cookies\/#breadcrumb","itemListElement":[{"@type":"ListItem","position":1,"name":"Home","item":"https:\/\/otecfinishingservices.com\/es\/"},{"@type":"ListItem","position":2,"name":"Cookies"}]},{"@type":"WebSite","@id":"https:\/\/otecfinishingservices.com\/#website","url":"https:\/\/otecfinishingservices.com\/","name":"OTEC","description":"","publisher":{"@id":"https:\/\/otecfinishingservices.com\/#organization"},"potentialAction":[{"@type":"SearchAction","target":{"@type":"EntryPoint","urlTemplate":"https:\/\/otecfinishingservices.com\/?s={search_term_string}"},"query-input":{"@type":"PropertyValueSpecification","valueRequired":true,"valueName":"search_term_string"}}],"inLanguage":"es"},{"@type":"Organization","@id":"https:\/\/otecfinishingservices.com\/#organization","name":"OTEC","url":"https:\/\/otecfinishingservices.com\/","logo":{"@type":"ImageObject","inLanguage":"es","@id":"https:\/\/otecfinishingservices.com\/#\/schema\/logo\/image\/","url":"https:\/\/otecfinishingservices.com\/wp-content\/uploads\/2025\/06\/logo.png","contentUrl":"https:\/\/otecfinishingservices.com\/wp-content\/uploads\/2025\/06\/logo.png","width":694,"height":131,"caption":"OTEC"},"image":{"@id":"https:\/\/otecfinishingservices.com\/#\/schema\/logo\/image\/"},"sameAs":["https:\/\/www.linkedin.com\/company\/otec-finishing-services","https:\/\/www.youtube.com\/user\/OtecGmbH"]}]}},"_links":{"self":[{"href":"https:\/\/otecfinishingservices.com\/es\/wp-json\/wp\/v2\/pages\/1845","targetHints":{"allow":["GET"]}}],"collection":[{"href":"https:\/\/otecfinishingservices.com\/es\/wp-json\/wp\/v2\/pages"}],"about":[{"href":"https:\/\/otecfinishingservices.com\/es\/wp-json\/wp\/v2\/types\/page"}],"author":[{"embeddable":true,"href":"https:\/\/otecfinishingservices.com\/es\/wp-json\/wp\/v2\/users\/3"}],"replies":[{"embeddable":true,"href":"https:\/\/otecfinishingservices.com\/es\/wp-json\/wp\/v2\/comments?post=1845"}],"version-history":[{"count":2,"href":"https:\/\/otecfinishingservices.com\/es\/wp-json\/wp\/v2\/pages\/1845\/revisions"}],"predecessor-version":[{"id":1847,"href":"https:\/\/otecfinishingservices.com\/es\/wp-json\/wp\/v2\/pages\/1845\/revisions\/1847"}],"wp:attachment":[{"href":"https:\/\/otecfinishingservices.com\/es\/wp-json\/wp\/v2\/media?parent=1845"}],"curies":[{"name":"wp","href":"https:\/\/api.w.org\/{rel}","templated":true}]}}